{"id":680,"date":"2022-12-13T09:30:15","date_gmt":"2022-12-13T08:30:15","guid":{"rendered":"https:\/\/lihoa.asmoz.org\/?page_id=680"},"modified":"2023-01-17T15:06:12","modified_gmt":"2023-01-17T14:06:12","slug":"contexto","status":"publish","type":"page","link":"https:\/\/lihoa.asmoz.eus\/?page_id=680&lang=es","title":{"rendered":"Contexto"},"content":{"rendered":"<p>[et_pb_section fb_built=\u00bb1&#8243; _builder_version=\u00bb4.16&#8243; _module_preset=\u00bbdefault\u00bb background_image=\u00bbhttps:\/\/lihoa.asmoz.eus\/wp-content\/uploads\/2021\/03\/annie-spratt-xTaOPMa6wAE-unsplash-scaled.jpg\u00bb custom_margin=\u00bb||-124px|||\u00bb global_colors_info=\u00bb{}\u00bb][\/et_pb_section][et_pb_section fb_built=\u00bb1&#8243; _builder_version=\u00bb4.19.1&#8243; _module_preset=\u00bbdefault\u00bb custom_margin=\u00bb||-3px|||\u00bb custom_padding=\u00bb||0px|||\u00bb global_colors_info=\u00bb{}\u00bb][et_pb_row _builder_version=\u00bb4.19.1&#8243; _module_preset=\u00bbdefault\u00bb min_height=\u00bb121px\u00bb custom_margin=\u00bb|auto|-91px|auto||\u00bb custom_padding=\u00bb0px||57px|||\u00bb animation_style=\u00bbslide\u00bb global_colors_info=\u00bb{}\u00bb][et_pb_column type=\u00bb4_4&#8243; _builder_version=\u00bb4.16&#8243; _module_preset=\u00bbdefault\u00bb global_colors_info=\u00bb{}\u00bb][et_pb_text _builder_version=\u00bb4.19.1&#8243; _module_preset=\u00bbdefault\u00bb text_font=\u00bb|600|||||||\u00bb text_text_color=\u00bb#000000&#8243; text_font_size=\u00bb9px\u00bb custom_margin=\u00bb-29px||-35px|||\u00bb custom_padding=\u00bb||2px|||\u00bb global_colors_info=\u00bb{}\u00bb]<\/p>\n<h2 style=\"text-align: left;\"><strong>EL CULTIVO DE LINO EN EL PAIS VASCO<\/strong><\/h2>\n<p>[\/et_pb_text][\/et_pb_column][\/et_pb_row][\/et_pb_section][et_pb_section fb_built=\u00bb1&#8243; _builder_version=\u00bb4.19.1&#8243; _module_preset=\u00bbdefault\u00bb custom_margin=\u00bb||-126px|||\u00bb custom_padding=\u00bb19px|||||\u00bb global_colors_info=\u00bb{}\u00bb][et_pb_row column_structure=\u00bb3_4,1_4&#8243; _builder_version=\u00bb4.19.1&#8243; _module_preset=\u00bbdefault\u00bb custom_margin=\u00bb-24px|auto|58px|auto||\u00bb custom_padding=\u00bb0px||0px|||\u00bb global_colors_info=\u00bb{}\u00bb][et_pb_column type=\u00bb3_4&#8243; _builder_version=\u00bb4.19.1&#8243; _module_preset=\u00bbdefault\u00bb global_colors_info=\u00bb{}\u00bb][et_pb_text _builder_version=\u00bb4.19.1&#8243; _module_preset=\u00bbdefault\u00bb width=\u00bb100%\u00bb custom_margin=\u00bb|-36px||||\u00bb custom_padding=\u00bb0px|0px||||\u00bb global_colors_info=\u00bb{}\u00bb]<\/p>\n<p style=\"text-align: justify;\"><span>El cultivo del lino (Linum usitatissimum) ha sido de gran importancia en el Pa\u00eds Vasco, donde el lino vasco compet\u00eda con lienzos del Reino Unido, Francia e Italia en los siglos XVI y XVII. Aunque durante a\u00f1os se ha quedado en el olvido, de nuevo empieza a conocerse. Se trata de una planta que hist\u00f3ricamente ha tenido una enorme importancia entre las mujeres rurales y que hoy en d\u00eda sigue siendo una gran carga simb\u00f3lica.<\/span><\/p>\n<p style=\"text-align: justify;\"><span>El lino es una de las plantas textiles m\u00e1s antiguas de Europa; se ha utilizado desde el Neol\u00edtico y es la primera fibra vegetal admitida en la industria textil. No sabemos a ciencia cierta c\u00f3mo vino la semilla del lino al Pa\u00eds Vasco, ni de qu\u00e9 \u00e9poca es seguro, Joxe Miguel Barandiaran dec\u00eda que hace 4.500 a\u00f1os, durante el Neol\u00edtico, se hab\u00eda tra\u00eddo del C\u00e1ucaso.<\/span><\/p>\n<p style=\"text-align: justify;\"><span>En los siglos XV y XVI el lino dio libertad a muchas mujeres. En los caser\u00edos vascos, desde los 10 a\u00f1os, aprend\u00edan a cultivarlo y transformarlo. Fue el sector m\u00e1s pr\u00f3spero hasta el siglo XX, con la llegada de la industrializaci\u00f3n y el algod\u00f3n desapareci\u00f3.<\/span><\/p>\n<p style=\"text-align: justify;\"><span>En el siglo VI, Portugal tra\u00eda aqu\u00ed la linacia, la semilla de lino. Y el protagonismo lo tomaba la mujer: sembrar la semilla, cortarla, trabajarla, hacer hilo y tejerla. Todo el proceso estaba en sus manos, incluso venderlo. Los tejedores eran due\u00f1os de s\u00ed mismos, eso les daba un estatus especial en la sociedad.<\/span><\/p>\n<p style=\"text-align: justify;\"><span>El escritor Nicol\u00e1s Ormaetxea <em>Orixe<\/em> (1888-1961) habla en su obra de los hilanderos que se reun\u00edan de noche en los caser\u00edos. Hab\u00eda toda una vida social alrededor del trabajo del lino. Las mujeres trabajaban al final del d\u00eda mientras por la noche, tras completar las labores agr\u00edcolas habituales, celebraban \u00abcenas de brujas\u00bb (cenas de brujas) compuestas por casta\u00f1as y leche caliente.<\/span><\/p>\n<p style=\"text-align: justify;\">\n<p style=\"text-align: justify;\">\n<p style=\"text-align: justify;\"><span><\/span><\/p>\n<p>[\/et_pb_text][\/et_pb_column][et_pb_column type=\u00bb1_4&#8243; _builder_version=\u00bb4.19.1&#8243; _module_preset=\u00bbdefault\u00bb global_colors_info=\u00bb{}\u00bb][et_pb_image src=\u00bbhttps:\/\/lihoa.asmoz.eus\/wp-content\/uploads\/2022\/12\/1a8aa958-ce62-4999-9fa0-5d13ce310ad9.jpeg\u00bb title_text=\u00bb1a8aa958-ce62-4999-9fa0-5d13ce310ad9&#8243; align=\u00bbcenter\u00bb _builder_version=\u00bb4.19.1&#8243; _module_preset=\u00bbdefault\u00bb custom_margin=\u00bb||-82px|||\u00bb global_colors_info=\u00bb{}\u00bb][\/et_pb_image][\/et_pb_column][\/et_pb_row][et_pb_row _builder_version=\u00bb4.19.1&#8243; _module_preset=\u00bbdefault\u00bb min_height=\u00bb121px\u00bb custom_margin=\u00bb|auto|-91px|auto||\u00bb custom_padding=\u00bb0px||57px|||\u00bb animation_style=\u00bbslide\u00bb global_colors_info=\u00bb{}\u00bb][et_pb_column type=\u00bb4_4&#8243; _builder_version=\u00bb4.16&#8243; _module_preset=\u00bbdefault\u00bb global_colors_info=\u00bb{}\u00bb][et_pb_text _builder_version=\u00bb4.19.1&#8243; _module_preset=\u00bbdefault\u00bb text_font=\u00bb|600|||||||\u00bb text_text_color=\u00bb#000000&#8243; text_font_size=\u00bb9px\u00bb custom_margin=\u00bb-29px||-63px|||\u00bb custom_padding=\u00bb||2px|||\u00bb global_colors_info=\u00bb{}\u00bb]<\/p>\n<h2 style=\"text-align: left;\"><strong>PROIEKTUAREN NONDIK NORAKOAK <\/strong><\/h2>\n<p>[\/et_pb_text][\/et_pb_column][\/et_pb_row][et_pb_row column_structure=\u00bb1_5,3_5,1_5&#8243; _builder_version=\u00bb4.19.1&#8243; _module_preset=\u00bbdefault\u00bb custom_margin=\u00bb-24px|auto|-47px|auto||\u00bb custom_padding=\u00bb0px||0px|||\u00bb global_colors_info=\u00bb{}\u00bb][et_pb_column type=\u00bb1_5&#8243; _builder_version=\u00bb4.19.1&#8243; _module_preset=\u00bbdefault\u00bb global_colors_info=\u00bb{}\u00bb][et_pb_image src=\u00bbhttps:\/\/lihoa.asmoz.eus\/wp-content\/uploads\/2022\/12\/WhatsApp-Image-2022-11-29-at-12.37.57.jpeg\u00bb alt=\u00bbEgon Heger Euskal Herrian\u00bb title_text=\u00bbEgon Heger Euskal Herrian\u00bb _builder_version=\u00bb4.19.1&#8243; _module_preset=\u00bbdefault\u00bb custom_margin=\u00bb||86px|||\u00bb global_colors_info=\u00bb{}\u00bb][\/et_pb_image][\/et_pb_column][et_pb_column type=\u00bb3_5&#8243; _builder_version=\u00bb4.19.1&#8243; _module_preset=\u00bbdefault\u00bb global_colors_info=\u00bb{}\u00bb][et_pb_text _builder_version=\u00bb4.19.1&#8243; _module_preset=\u00bbdefault\u00bb width=\u00bb100%\u00bb custom_margin=\u00bb|-36px||||\u00bb custom_padding=\u00bb|0px||||\u00bb hover_enabled=\u00bb0&#8243; global_colors_info=\u00bb{}\u00bb sticky_enabled=\u00bb0&#8243;]<\/p>\n<p style=\"text-align: justify;\"><span><strong>Ereiten<\/strong> es un proyecto que apuesta por la producci\u00f3n sostenible de lino ecol\u00f3gico para fibra textil, desarrollado en los a\u00f1os 2021-22 y financiado por el \u00abFondo Europeo Agr\u00edcola de Desarrollo Rural\u00bb: <\/span><\/p>\n<p style=\"text-align: justify;\"><span style=\"font-size: 15px;\">En colaboraci\u00f3n, este innovador proyecto piloto afronta el reto de dar respuesta a una demanda de mercado con potencial de crecimiento, incidiendo en dos variables cr\u00edticas: la garant\u00eda de calidad del cultivo de lino textil y su sostenibilidad.<\/span><\/p>\n<p style=\"text-align: justify;\"><span>En resumen, se trata de formar a los productores de fibra de lino ecol\u00f3gico para obtener certificaciones textiles en un futuro pr\u00f3ximo, creando un modelo de negocio sostenible que recoja oportunidades de sinergias con otros cultivos, y transferiendo resultados a otras iniciativas para llegar antes y mejor al mercado.<\/span><\/p>\n<p style=\"text-align: justify;\"><span>A trav\u00e9s de esta web se recoger\u00e1n y difundir\u00e1n los materiales, gu\u00edas y recursos que se han creado en el marco de este proyecto.<\/span><\/p>\n<p><span><\/span><\/p>\n<p style=\"text-align: justify;\"><span><\/span><\/p>\n<p>[\/et_pb_text][\/et_pb_column][et_pb_column type=\u00bb1_5&#8243; _builder_version=\u00bb4.19.1&#8243; _module_preset=\u00bbdefault\u00bb global_colors_info=\u00bb{}\u00bb][et_pb_image src=\u00bbhttps:\/\/lihoa.asmoz.eus\/wp-content\/uploads\/2022\/12\/WhatsApp-Image-2022-11-29-at-12.35.16.jpeg\u00bb alt=\u00bbEgon Heger Euskal Herrian\u00bb title_text=\u00bbWhatsApp Image 2022-11-29 at 12.35.16&#8243; _builder_version=\u00bb4.19.1&#8243; _module_preset=\u00bbdefault\u00bb custom_padding=\u00bb|||0px||\u00bb global_colors_info=\u00bb{}\u00bb][\/et_pb_image][\/et_pb_column][\/et_pb_row][\/et_pb_section]<\/p>\n","protected":false},"excerpt":{"rendered":"<p>EL CULTIVO DE LINO EN EL PAIS VASCOEl cultivo del lino (Linum usitatissimum) ha sido de gran importancia en el Pa\u00eds Vasco, donde el lino vasco compet\u00eda con lienzos del Reino Unido, Francia e Italia en los siglos XVI y XVII. Aunque durante a\u00f1os se ha quedado en el olvido, de nuevo empieza a conocerse. [&hellip;]<\/p>\n","protected":false},"author":1,"featured_media":0,"parent":0,"menu_order":0,"comment_status":"closed","ping_status":"closed","template":"","meta":{"_et_pb_use_builder":"on","_et_pb_old_content":"[et_pb_section fb_built=\"1\" _builder_version=\"4.16\" _module_preset=\"default\" background_image=\"https:\/\/lihoa.asmoz.eus\/wp-content\/uploads\/2021\/03\/annie-spratt-xTaOPMa6wAE-unsplash-scaled.jpg\" custom_margin=\"||-124px|||\" global_colors_info=\"{}\"][\/et_pb_section][et_pb_section fb_built=\"1\" _builder_version=\"4.19.1\" _module_preset=\"default\" custom_margin=\"||-3px|||\" custom_padding=\"||0px|||\" global_colors_info=\"{}\"][et_pb_row _builder_version=\"4.19.1\" _module_preset=\"default\" min_height=\"121px\" custom_margin=\"|auto|-91px|auto||\" custom_padding=\"0px||57px|||\" animation_style=\"slide\" global_colors_info=\"{}\"][et_pb_column type=\"4_4\" _builder_version=\"4.16\" _module_preset=\"default\" global_colors_info=\"{}\"][et_pb_text _builder_version=\"4.19.1\" _module_preset=\"default\" text_font=\"|600|||||||\" text_text_color=\"#000000\" text_font_size=\"9px\" custom_margin=\"-29px||-35px|||\" custom_padding=\"||2px|||\" global_colors_info=\"{}\"]\n<h2 style=\"text-align: left;\"><strong>LIHOAREN LABORANTZA EUSKAL HERRIAN<\/strong><\/h2>\n[\/et_pb_text][\/et_pb_column][\/et_pb_row][\/et_pb_section][et_pb_section fb_built=\"1\" _builder_version=\"4.19.1\" _module_preset=\"default\" custom_padding=\"19px|||||\" global_colors_info=\"{}\"][et_pb_row column_structure=\"3_4,1_4\" _builder_version=\"4.19.1\" _module_preset=\"default\" custom_margin=\"-24px|auto|58px|auto||\" custom_padding=\"0px||0px|||\" global_colors_info=\"{}\"][et_pb_column type=\"3_4\" _builder_version=\"4.19.1\" _module_preset=\"default\" global_colors_info=\"{}\"][et_pb_text _builder_version=\"4.19.1\" _module_preset=\"default\" width=\"100%\" custom_margin=\"|-36px||||\" custom_padding=\"0px|0px||||\" global_colors_info=\"{}\"]\n<p style=\"text-align: justify;\"><span style=\"font-size: medium;\">Lihoaren (<span style=\"text-align: left;\">Linum usitatissimum) <\/span>laborantza garrantzi handikoa izan da Euskal Herrian, euskal lihoa Erresuma Batuko, Frantziako eta Italiako mihiseekin lehiatzen zen XVI. eta XVII. mendeetan. Urteetan ahanzturan gelditu den arren, berriro ere ezagutzen hasia da. Historikoki landa eremuko emakumeen artean garrantzi izugarria izan duen landarea da eta gaur egun karga sinboliko handia izaten jarraitzen du.<\/span><\/p>\n<p style=\"text-align: justify;\"><span style=\"font-size: medium;\">Lihoa Europako ehun-landare antzinakoenetako bat da; Neolitoaz geroztik erabili izan da eta e<span>hungintzan onartua izan zen lehen landare-zuntza da. <\/span>Ez dakigu ziur nola etorri zen lihoaren hazia Euskal Herrira, ezta ziur zein garaitakoa den ere, Joxe Migel Barandiaranek orain dela 4.500 urte, Neolitiko garaian, Kaukasotik ekarria zela zioen.<\/span><\/p>\n<p style=\"text-align: justify;\"><span style=\"font-size: medium;\">XV. eta XVI. mendeetan lihoak askatasuna eman zien emakume askori. Euskal baserrietan, 10 urte zituztenetik, hura lantzen eta eraldatzen ikasten zuten.&nbsp; Sektorerik oparoena izan zen XX. mendera arte, industrializazioaren eta kotoiaren etorrerarekin desagertu ere egin zen.<\/span><\/p>\n<p style=\"text-align: justify;\"><span style=\"font-size: medium;\">VI. mendean, Portugaldik hona ekartzen zen linazia, liho hazia. Eta emakumeak hartzen zuen protagonismoa: hazia erein, moztu, landu, haria egin eta ehundu. Prozesu osoa bere esku zegoen, baita saltzea ere. Ehuleak beren buruen jabe ziren, gizartean estatus berezia ematen zien horrek.&nbsp;<\/span><\/p>\n<p style=\"text-align: justify;\"><span style=\"font-size: medium;\">Nikolas Ormaetxea Orixe idazleak (1888-1961) baserrietan gauez elkartzen ziren iruleez hitz egiten du bere obran. Bizitza sozial oso bat zegoen lihoaren lanaren inguruan. Emakumeek egunaren amaieran lan egiten zuten, gauez, ohiko nekazaritza-lanak osatu ondoren, gaztainaz eta esne beroz osatutako \"sorgin afariak\" (sorgin-afariak) egiten zituzten bitartean.&nbsp;<\/span><\/p>\n<p style=\"text-align: justify;\"><\/p>\n<p style=\"text-align: justify;\"><\/p>\n<p style=\"text-align: justify;\"><span><\/span><\/p>\n[\/et_pb_text][\/et_pb_column][et_pb_column type=\"1_4\" _builder_version=\"4.19.1\" _module_preset=\"default\" global_colors_info=\"{}\"][et_pb_image src=\"https:\/\/lihoa.asmoz.eus\/wp-content\/uploads\/2022\/12\/1a8aa958-ce62-4999-9fa0-5d13ce310ad9.jpeg\" title_text=\"1a8aa958-ce62-4999-9fa0-5d13ce310ad9\" align=\"center\" _builder_version=\"4.19.1\" _module_preset=\"default\" custom_margin=\"||-82px|||\" global_colors_info=\"{}\"][\/et_pb_image][\/et_pb_column][\/et_pb_row][et_pb_row _builder_version=\"4.19.1\" _module_preset=\"default\" min_height=\"121px\" custom_margin=\"|auto|-91px|auto||\" custom_padding=\"0px||57px|||\" animation_style=\"slide\" global_colors_info=\"{}\"][et_pb_column type=\"4_4\" _builder_version=\"4.16\" _module_preset=\"default\" global_colors_info=\"{}\"][et_pb_text _builder_version=\"4.19.1\" _module_preset=\"default\" text_font=\"|600|||||||\" text_text_color=\"#000000\" text_font_size=\"9px\" custom_margin=\"-29px||-63px|||\" custom_padding=\"||2px|||\" global_colors_info=\"{}\"]\n<h2 style=\"text-align: left;\"><strong>PROIEKTUAREN NONDIK NORAKOAK <\/strong><\/h2>\n[\/et_pb_text][\/et_pb_column][\/et_pb_row][et_pb_row column_structure=\"1_5,3_5,1_5\" _builder_version=\"4.19.1\" _module_preset=\"default\" custom_margin=\"-24px|auto|43px|auto||\" custom_padding=\"0px||0px|||\" global_colors_info=\"{}\"][et_pb_column type=\"1_5\" _builder_version=\"4.19.1\" _module_preset=\"default\" global_colors_info=\"{}\"][et_pb_image src=\"https:\/\/lihoa.asmoz.eus\/wp-content\/uploads\/2022\/12\/WhatsApp-Image-2022-11-29-at-12.37.57.jpeg\" alt=\"Egon Heger Euskal Herrian\" title_text=\"Egon Heger Euskal Herrian\" _builder_version=\"4.19.1\" _module_preset=\"default\" global_colors_info=\"{}\"][\/et_pb_image][\/et_pb_column][et_pb_column type=\"3_5\" _builder_version=\"4.19.1\" _module_preset=\"default\" global_colors_info=\"{}\"][et_pb_text _builder_version=\"4.19.1\" _module_preset=\"default\" width=\"100%\" custom_margin=\"|-36px||||\" custom_padding=\"|0px||||\" global_colors_info=\"{}\"]\n<p style=\"text-align: justify;\"><span style=\"font-size: medium;\">\"Ereiten\" <strong>ehun-zuntzerako liho ekologikoaren ekoizpen iraunkorraren alde apustu egiten duen proiektua<\/strong> da, 2021-22 urteetan garatua.<\/span><\/p>\n<p style=\"text-align: justify;\"><span style=\"font-size: medium;\">Elkarlanean, proiektu pilotu berritzaile honek, hazteko ahalmena duen merkatu-eskaerari erantzuteko erronkari aurre egiten dio, bi aldagai kritiko azpimarratuz: ehun-lihoaren laborantzaren kalitate-bermea eta haren iraunkortasuna.<\/span><\/p>\n<p style=\"text-align: justify;\"><span style=\"font-size: medium;\">Laburbilduz, liho-zuntz ekologikoaren ekoizleak etorkizun hurbilean ehun-ziurtagiriak lortzeko prestatzea da helburua, beste labore batzuekiko sinergia-aukerak bilduko dituen negozio-eredu iraunkor bat sortuz, eta emaitzak beste ekimen batzuetara transferituz, merkatura lehenago eta hobeto iristeko.<\/span><\/p>\n<p style=\"text-align: justify;\"><span style=\"font-size: medium;\">Webgune honen bidez proiektu honen baitan sortu izan diren materialak, gidak nahiz baliabideak jaso eta zabalduko dira.<\/span>&nbsp;<\/p>\n<p style=\"text-align: justify;\"><span><\/span><\/p>\n<p style=\"text-align: justify;\"><span><\/span><\/p>\n<p style=\"text-align: justify;\"><span><\/span><\/p>\n<p style=\"text-align: justify;\"><span style=\"font-size: medium;\"><\/span><\/p>\n<p style=\"text-align: justify;\"><span style=\"font-size: medium;\"><\/span><\/p>\n<p style=\"text-align: justify;\"><span style=\"font-size: medium;\"><\/span><\/p>\n<p style=\"text-align: justify;\"><span style=\"font-size: medium;\"><\/span><\/p>\n<p style=\"text-align: justify;\"><span style=\"font-size: medium;\">\n<\/span><span style=\"font-size: medium;\"><\/span><\/p>\n<p style=\"text-align: justify;\"><span><\/span><\/p>\n[\/et_pb_text][et_pb_text _builder_version=\"4.19.1\" _module_preset=\"default\" text_orientation=\"justified\" custom_padding=\"0px||0px|||\" locked=\"off\" global_colors_info=\"{}\"][\/et_pb_text][\/et_pb_column][et_pb_column type=\"1_5\" _builder_version=\"4.19.1\" _module_preset=\"default\" global_colors_info=\"{}\"][et_pb_image src=\"https:\/\/lihoa.asmoz.eus\/wp-content\/uploads\/2022\/12\/WhatsApp-Image-2022-11-29-at-12.35.16.jpeg\" alt=\"Egon Heger Euskal Herrian\" title_text=\"WhatsApp Image 2022-11-29 at 12.35.16\" _builder_version=\"4.19.1\" _module_preset=\"default\" custom_padding=\"|||0px||\" global_colors_info=\"{}\"][\/et_pb_image][\/et_pb_column][\/et_pb_row][\/et_pb_section]","_et_gb_content_width":"1654"},"_links":{"self":[{"href":"https:\/\/lihoa.asmoz.eus\/index.php?rest_route=\/wp\/v2\/pages\/680"}],"collection":[{"href":"https:\/\/lihoa.asmoz.eus\/index.php?rest_route=\/wp\/v2\/pages"}],"about":[{"href":"https:\/\/lihoa.asmoz.eus\/index.php?rest_route=\/wp\/v2\/types\/page"}],"author":[{"embeddable":true,"href":"https:\/\/lihoa.asmoz.eus\/index.php?rest_route=\/wp\/v2\/users\/1"}],"replies":[{"embeddable":true,"href":"https:\/\/lihoa.asmoz.eus\/index.php?rest_route=%2Fwp%2Fv2%2Fcomments&post=680"}],"version-history":[{"count":8,"href":"https:\/\/lihoa.asmoz.eus\/index.php?rest_route=\/wp\/v2\/pages\/680\/revisions"}],"predecessor-version":[{"id":760,"href":"https:\/\/lihoa.asmoz.eus\/index.php?rest_route=\/wp\/v2\/pages\/680\/revisions\/760"}],"wp:attachment":[{"href":"https:\/\/lihoa.asmoz.eus\/index.php?rest_route=%2Fwp%2Fv2%2Fmedia&parent=680"}],"curies":[{"name":"wp","href":"https:\/\/api.w.org\/{rel}","templated":true}]}}